{"id":124,"date":"2018-06-12T12:13:19","date_gmt":"2018-06-12T12:13:19","guid":{"rendered":"https:\/\/www.zonopoirschot.nl\/?page_id=124"},"modified":"2024-01-31T13:55:41","modified_gmt":"2024-01-31T13:55:41","slug":"vragen-en-antwoorden","status":"publish","type":"page","link":"https:\/\/www.zonopoirschot.nl\/?page_id=124","title":{"rendered":"Vragen en antwoorden"},"content":{"rendered":"<p><strong><span style=\"color: #000000;\">Vragen en antwoorden:<\/span><\/strong><\/p>\n<p><strong><span style=\"color: #000080;\">Kan ik niet beter zelf panelen aanschaffen?<br \/>\n<\/span><\/strong>Dat ligt aan uw situatie en persoonlijke voorkeur:<br \/>\nDe ligging van uw dak t.o.v. de zon is relevant.<br \/>\nZo ook de feitelijk beschikbare ruimte en de staat van het dak.<br \/>\nMag u ze plaatsen? Bij monumentale panden mag het niet.<\/p>\n<p><span style=\"color: #000080;\"><strong>Vind u ze mooi?<br \/>\n<\/strong><\/span>Vergelijk zelf de kosten-baten van eigen panelen met de Zon op Oirschot propositie.<\/p>\n<p><strong><span style=\"color: #333399;\">Hoeveel panelen heb ik nodig\/mag ik hebben?<br \/>\n<\/span><\/strong>U koopt een participatie (vertaald naar panelen) gerelateerd aan uw eigen verbruik.<br \/>\nRekenvoorbeeld: U verbruikt gemiddeld 3500Kwh op jaarbasis. E\u00e9n paneel levert 229 kWh op, dus u koopt een participatie van maximaal 15 panelen.<\/p>\n<p><strong><span style=\"color: #333399;\">Blijf ik eigenaar van de participatie die ik koop?<br \/>\n<\/span><\/strong>Ja, zolang u aan de voorwaarden van deelname voldoet.<\/p>\n<p><strong><span style=\"color: #333399;\">Als ik ga verhuizen kan ik dan mijn participatie verkopen?<br \/>\n<\/span><\/strong>U kunt uw participatie verkopen Of meenemen.(zie ook het participatiereglement)<\/p>\n<p><strong><span style=\"color: #333399;\">Moet ik van energieleverancier veranderen?<br \/>\n<\/span><\/strong>Als uw huidige leverancier saldeert op basis van de postcoderoosregeling hoeft dit niet.<\/p>\n<p><strong><span style=\"color: #000080;\">Kan ik meer panelen kopen dan ik zelf nodig heb?<br \/>\n<\/span><\/strong>U mag tot 5000 KW salderen.<\/p>\n<p><strong><span style=\"color: #000080;\">Wat voor stem heb ik in de co\u00f6peratie?<br \/>\n<\/span><\/strong>Elk lid van de co\u00f6peratie heeft stemrecht en \u00e9\u00e9n stem.<\/p>\n<p><span style=\"color: #000080;\"><span style=\"color: #000080;\"><b>Van wie krijg ik de opbrengst van de productie terug?<br \/>\n<\/b><\/span><\/span>U krijgt de de opbrengst van de co\u00f6peratie terug.<\/p>\n<p><strong><span style=\"color: #000080;\">Is de teruggave van de opbrengst gegarandeerd?<br \/>\n<\/span><\/strong>De teruggave is op basis van de postcoderoosregeling gegarandeerd voor 15 jaar.<\/p>\n<p><strong><span style=\"color: #000080;\">Wat gebeurt er met de opbrengst van de opgewekte energie?<br \/>\n<\/span><\/strong>De opbrengst van de installatie wordt uitgekeerd aan de cooperatie en aangewend ter vereffening van de kosten van de co\u00f6peratie. Het overschot wordt naar rato aan de leden uitgekeerd.<\/p>\n<p><strong><span style=\"color: #000080;\">Zijn de panelen verzekerd?<br \/>\n<\/span><\/strong>De panelen zijn uitgebreid verzekerd.<\/p>\n<p><strong><span style=\"color: #000080;\">Is er een opbrengst garantie?<br \/>\n<\/span><\/strong>Er is een prognose gemaakt door de leverancier van de installatie op basis waarvan wij ons verdienmodel hebben opgesteld. Er zijn, net als bij eigen panelen, geen opbrengst garanties. We blijven afhankelijk van de werkelijke zonuren.<\/p>\n<p><strong><span style=\"color: #000080;\">Wat gebeurt er na 15 jaar met de panelen?<br \/>\n<\/span><\/strong>Na 15 jaar is het aan de leden in samenspraak met de belanghebbende wat er met de panelen gaat gebeuren. Ons verdien model is gebaseerd op 15 jaar. Dus voor de co\u00f6peratie zijn ze afgeschreven, maar indien nog werkzaam dan is voorgezet gebruik zeker mogelijk.<\/p>\n<p>&nbsp;<\/p>\n<p><strong><span style=\"color: #000080;\">Samenvattend:<\/span><\/strong><\/p>\n<p>De voordelen van de zonne-energie co\u00f6peratie:<\/p>\n<ul>\n<li>De situatie van uw woning speelt geen rol (wel binnen de postcoderoos).<\/li>\n<li>Een kans voor appartement eigenaren zonder eigen dak.<\/li>\n<li>De teruggave van de productie is 15 jaar gegarandeerd.<\/li>\n<li>De collectieve aankoopprijs per paneel is lager, dus de terugverdientijd is korter.<\/li>\n<li>Heeft u een huurhuis; is dit een unieke kans omdat u uw panelen virtueel kan mee nemen.<\/li>\n<li>Geen gedoe op en rond uw huis.<\/li>\n<li>U bent volledig ont-zorgt.<\/li>\n<\/ul>\n","protected":false},"excerpt":{"rendered":"<p>Vragen en antwoorden: Kan ik niet beter zelf panelen aanschaffen? Dat ligt aan uw situatie en persoonlijke voorkeur: De ligging van uw dak t.o.v. de zon is relevant. Zo ook de feitelijk beschikbare ruimte en de staat van het dak. Mag u ze plaatsen? Bij monumentale panden mag het niet. Vind u ze mooi? Vergelijk [&hellip;]<\/p>\n","protected":false},"author":3276,"featured_media":0,"parent":0,"menu_order":0,"comment_status":"closed","ping_status":"closed","template":"","meta":{"footnotes":""},"class_list":["post-124","page","type-page","status-publish","hentry"],"_links":{"self":[{"href":"https:\/\/www.zonopoirschot.nl\/index.php?rest_route=\/wp\/v2\/pages\/124","targetHints":{"allow":["GET"]}}],"collection":[{"href":"https:\/\/www.zonopoirschot.nl\/index.php?rest_route=\/wp\/v2\/pages"}],"about":[{"href":"https:\/\/www.zonopoirschot.nl\/index.php?rest_route=\/wp\/v2\/types\/page"}],"author":[{"embeddable":true,"href":"https:\/\/www.zonopoirschot.nl\/index.php?rest_route=\/wp\/v2\/users\/3276"}],"replies":[{"embeddable":true,"href":"https:\/\/www.zonopoirschot.nl\/index.php?rest_route=%2Fwp%2Fv2%2Fcomments&post=124"}],"version-history":[{"count":5,"href":"https:\/\/www.zonopoirschot.nl\/index.php?rest_route=\/wp\/v2\/pages\/124\/revisions"}],"predecessor-version":[{"id":1143,"href":"https:\/\/www.zonopoirschot.nl\/index.php?rest_route=\/wp\/v2\/pages\/124\/revisions\/1143"}],"wp:attachment":[{"href":"https:\/\/www.zonopoirschot.nl\/index.php?rest_route=%2Fwp%2Fv2%2Fmedia&parent=124"}],"curies":[{"name":"wp","href":"https:\/\/api.w.org\/{rel}","templated":true}]}}